{"id":1054,"date":"2023-01-09T14:39:45","date_gmt":"2023-01-09T13:39:45","guid":{"rendered":"https:\/\/www.samoncini.com\/analyse-machbarkeit-und-co-design\/"},"modified":"2023-06-08T16:52:07","modified_gmt":"2023-06-08T14:52:07","slug":"analyse-machbarkeit-und-co-design","status":"publish","type":"page","link":"https:\/\/www.samoncini.com\/de\/analyse-machbarkeit-und-co-design\/","title":{"rendered":"Analyse, Machbarkeit und Co-Design"},"content":{"rendered":"<p>[et_pb_section fb_built=&#8220;1&#8243; custom_padding_last_edited=&#8220;off|desktop&#8220; admin_label=&#8220;Header&#8220; module_id=&#8220;dipi-particles-1&#8243; _builder_version=&#8220;4.20.0&#8243; _module_preset=&#8220;default&#8220; background_color=&#8220;#596893&#8243; background_image=&#8220;https:\/\/samoncini.com\/wp-content\/uploads\/2023\/01\/stampaggio-lamiera-a-freddo-design-stampi.jpg&#8220; background_pattern_repeat_origin=&#8220;bottom_center&#8220; background_pattern_vertical_offset=&#8220;0%&#8220; custom_margin=&#8220;||||false|false&#8220; custom_padding=&#8220;30vh||30vh||true|false&#8220; custom_padding_tablet=&#8220;150px||150px||true|false&#8220; custom_padding_phone=&#8220;60px||60px||true|false&#8220; bottom_divider_color=&#8220;#0C71C3&#8243; bottom_divider_height=&#8220;357px&#8220; animation_direction=&#8220;bottom&#8220; global_colors_info=&#8220;{}&#8220;][et_pb_row _builder_version=&#8220;4.19.1&#8243; _module_preset=&#8220;default&#8220; global_colors_info=&#8220;{}&#8220;][et_pb_column type=&#8220;4_4&#8243; _builder_version=&#8220;4.19.1&#8243; _module_preset=&#8220;default&#8220; global_colors_info=&#8220;{}&#8220;][et_pb_text content_tablet=&#8220; <\/p>\n<h1>Durchf\u00fchrbarkeitsanalyse und Co-Design<\/h1>\n<p> &#8220; content_phone=&#8220; <\/p>\n<h1>Durchf\u00fchrbarkeitsanalyse und Co-Design<\/h1>\n<p> &#8220; content_last_edited=&#8220;on|phone&#8220; _builder_version=&#8220;4.20.2&#8243; _module_preset=&#8220;d72c0383-6487-4f2c-ac5c-7d48a6376757&#8243; header_font=&#8220;||||||||&#8220; header_text_color=&#8220;#FFFFFF&#8220; header_font_size=&#8220;60px&#8220; header_line_height=&#8220;1.2em&#8220; text_orientation=&#8220;center&#8220; custom_margin=&#8220;||10px||false|false&#8220; header_font_size_tablet=&#8220;40px&#8220; header_font_size_phone=&#8220;40px&#8220; header_font_size_last_edited=&#8220;on|phone&#8220; global_colors_info=&#8220;{}&#8220;]<\/p>\n<h1>Durchf\u00fchrbarkeitsanalyse und Co-Design<\/h1>\n<p>[\/et_pb_text][\/et_pb_column][\/et_pb_row][\/et_pb_section][et_pb_section fb_built=&#8220;1&#8243; _builder_version=&#8220;4.19.4&#8243; _module_preset=&#8220;default&#8220; top_divider_height=&#8220;50px&#8220; top_divider_flip=&#8220;vertical&#8220; global_colors_info=&#8220;{}&#8220;][et_pb_row _builder_version=&#8220;4.19.4&#8243; _module_preset=&#8220;default&#8220; global_colors_info=&#8220;{}&#8220;][et_pb_column type=&#8220;4_4&#8243; _builder_version=&#8220;4.19.1&#8243; _module_preset=&#8220;default&#8220; global_colors_info=&#8220;{}&#8220;][et_pb_text _builder_version=&#8220;4.19.5&#8243; _module_preset=&#8220;1d866de3-b108-4c5f-bed3-2da9506a6915&#8243; header_font=&#8220;||||||||&#8220; header_4_font=&#8220;||||||||&#8220; header_4_text_color=&#8220;#000000&#8243; header_4_line_height=&#8220;1.8em&#8220; text_orientation=&#8220;center&#8220; custom_margin=&#8220;||0px||false|false&#8220; header_4_font_size_tablet=&#8220;16px&#8220; header_4_font_size_phone=&#8220;14px&#8220; header_4_font_size_last_edited=&#8220;on|phone&#8220; locked=&#8220;off&#8220; global_colors_info=&#8220;{}&#8220;]<\/p>\n<h4 style=\"text-align: justify;\">Die Technologie des Kaltschmiedens erfordert ein hohes Ma\u00df an Fachwissen und Kenntnissen \u00fcber die Dynamik dieses Prozesses sowie \u00fcber die mechanischen Bearbeitungsprozesse auf Werkzeugmaschinen und die Herstellung der Komponenten, aus denen die Form besteht.<\/h4>\n<h4 style=\"text-align: justify;\">Die Schl\u00fcsselkompetenz bei einer Machbarkeitsanalyse ist jedoch die Kenntnis der Materialgrenzen, d. h. die Sensibilit\u00e4t, in einem fr\u00fchen Stadium zu verstehen, wie stark ein Material &#8222;belastet&#8220; werden kann, um die endg\u00fcltige Form zu erreichen.<\/h4>\n<h4 style=\"text-align: justify;\">In unseren Analysen identifizieren wir kritische Punkte in den Elementzeichnungen und schlagen \u00c4nderungen oder alternative L\u00f6sungen vor, um das Produkt zu optimieren und seinen Herstellungsprozess zu vereinfachen.<\/h4>\n<h4 style=\"text-align: justify;\">Jedes Verfahren muss jedoch an die verf\u00fcgbaren Technologien angepasst werden, so dass wir uns nicht auf einen einzigen Weg beschr\u00e4nken, sondern dem Kunden eine Reihe m\u00f6glicher Alternativen anbieten, aus denen er diejenige ausw\u00e4hlen kann, die sich am besten f\u00fcr den Kontext eignet, in dem er arbeiten muss.<\/h4>\n<p>[\/et_pb_text][\/et_pb_column][\/et_pb_row][\/et_pb_section][et_pb_section fb_built=&#8220;1&#8243; admin_label=&#8220;Footer&#8220; _builder_version=&#8220;4.19.1&#8243; _module_preset=&#8220;default&#8220; background_color=&#8220;rgba(255,255,255,0.94)&#8220; background_image=&#8220;https:\/\/samoncini.com\/wp-content\/uploads\/2022\/11\/Logo-S.png&#8220; background_size=&#8220;initial&#8220; background_position=&#8220;center_left&#8220; background_horizontal_offset=&#8220;-70%&#8220; background_repeat=&#8220;repeat-x&#8220; background_blend=&#8220;screen&#8220; custom_padding=&#8220;3vw||3vw||true|false&#8220; saved_tabs=&#8220;all&#8220; locked=&#8220;off&#8220; global_colors_info=&#8220;{}&#8220;][et_pb_row custom_padding_last_edited=&#8220;on|phone&#8220; _builder_version=&#8220;4.19.4&#8243; _module_preset=&#8220;default&#8220; background_color=&#8220;#596893&#8243; background_enable_image=&#8220;off&#8220; max_width=&#8220;750px&#8220; max_width_last_edited=&#8220;off|desktop&#8220; custom_padding=&#8220;100px|100px|30px|100px|false|true&#8220; custom_padding_tablet=&#8220;60px|60px||60px|false|true&#8220; custom_padding_phone=&#8220;30px|30px|10px|30px|false|true&#8220; animation_direction=&#8220;bottom&#8220; locked=&#8220;off&#8220; global_colors_info=&#8220;{}&#8220;][et_pb_column type=&#8220;4_4&#8243; _builder_version=&#8220;4.16&#8243; _module_preset=&#8220;default&#8220; global_colors_info=&#8220;{}&#8220;][et_pb_text _builder_version=&#8220;4.19.5&#8243; _module_preset=&#8220;8e8d9bcd-685d-4329-882b-a86608a6c40b&#8220; header_text_color=&#8220;#FFFFFF&#8220; header_2_font=&#8220;|600|||||||&#8220; header_2_text_color=&#8220;#FFFFFF&#8220; header_2_font_size=&#8220;80px&#8220; header_2_line_height=&#8220;1.2em&#8220; custom_margin_tablet=&#8220;&#8220; custom_margin_phone=&#8220;||10px||false|false&#8220; custom_margin_last_edited=&#8220;on|phone&#8220; header_2_font_size_tablet=&#8220;40px&#8220; header_2_font_size_phone=&#8220;20px&#8220; header_2_font_size_last_edited=&#8220;on|phone&#8220; global_colors_info=&#8220;{}&#8220;]<\/p>\n<h2>Kontakte<\/h2>\n<p>[\/et_pb_text][et_pb_text _builder_version=&#8220;4.20.2&#8243; _module_preset=&#8220;16a54059-cc81-4572-9c70-eda6a6c419bf&#8220; text_font=&#8220;|600|||||||&#8220; text_text_color=&#8220;#FFFFFF&#8220; text_font_size=&#8220;16px&#8220; text_line_height=&#8220;2em&#8220; max_width=&#8220;80%&#8220; max_width_tablet=&#8220;&#8220; max_width_phone=&#8220;95%&#8220; max_width_last_edited=&#8220;on|phone&#8220; custom_margin=&#8220;||40px||false|false&#8220; hover_enabled=&#8220;0&#8243; text_font_size_tablet=&#8220;15px&#8220; text_font_size_phone=&#8220;13px&#8220; text_font_size_last_edited=&#8220;on|phone&#8220; text_line_height_tablet=&#8220;&#8220; text_line_height_phone=&#8220;1.7em&#8220; text_line_height_last_edited=&#8220;on|phone&#8220; header_font_size_tablet=&#8220;55px&#8220; header_font_size_last_edited=&#8220;off|desktop&#8220; locked=&#8220;off&#8220; global_colors_info=&#8220;{}&#8220; sticky_enabled=&#8220;0&#8243;]<\/p>\n<p>Beratung und Konstruktion von Werkzeugen f\u00fcr die Kaltumformung von Blechen<\/p>\n<p>[\/et_pb_text][et_pb_button button_url=&#8220;@ET-DC@eyJkeW5hbWljIjp0cnVlLCJjb250ZW50IjoicG9zdF9saW5rX3VybF9wYWdlIiwic2V0dGluZ3MiOnsicG9zdF9pZCI6IjExMyJ9fQ==@&#8220; button_text=&#8220;kontaktiere uns&#8220; button_alignment=&#8220;right&#8220; _builder_version=&#8220;4.20.2&#8243; _dynamic_attributes=&#8220;button_url&#8220; _module_preset=&#8220;4ebb5d01-8f2a-40d2-99f6-c69d0bb85164&#8243; custom_button=&#8220;on&#8220; button_text_size=&#8220;14px&#8220; button_text_color=&#8220;#596893&#8243; button_bg_color=&#8220;#FFFFFF&#8220; button_border_width=&#8220;0px&#8220; button_border_radius=&#8220;0px&#8220; button_letter_spacing=&#8220;3px&#8220; button_font=&#8220;|700||on|||||&#8220; button_icon=&#8220;&#x45;||divi||400&#8243; custom_margin=&#8220;40px|-100px|||false|false&#8220; custom_margin_tablet=&#8220;|-60px|||false|false&#8220; custom_margin_phone=&#8220;|-30px|||false|false&#8220; custom_margin_last_edited=&#8220;on|phone&#8220; custom_padding=&#8220;18px|30px|18px|30px|true|true&#8220; custom_padding_tablet=&#8220;16px|25px|16px|25px|true|true&#8220; custom_padding_phone=&#8220;14px|20px|14px|20px|true|true&#8220; custom_padding_last_edited=&#8220;on|phone&#8220; animation_style=&#8220;slide&#8220; animation_direction=&#8220;right&#8220; animation_duration=&#8220;600ms&#8220; animation_intensity_slide=&#8220;10%&#8220; button_text_size_tablet=&#8220;&#8220; button_text_size_phone=&#8220;12px&#8220; button_text_size_last_edited=&#8220;on|phone&#8220; locked=&#8220;off&#8220; global_colors_info=&#8220;{%22gcid-98d90e25-2ae4-4d27-95a6-0d39ba22d29e%22:%91%93}&#8220; button_bg_color__hover=&#8220;#000000&#8243; button_bg_color__hover_enabled=&#8220;on|hover&#8220; button_bg_enable_color__hover=&#8220;on&#8220; button_text_color__hover_enabled=&#8220;on|desktop&#8220; button_text_color__hover=&#8220;#FFFFFF&#8220;][\/et_pb_button][\/et_pb_column][\/et_pb_row][et_pb_row column_structure=&#8220;1_2,1_2&#8243; custom_padding_last_edited=&#8220;on|phone&#8220; _builder_version=&#8220;4.19.4&#8243; _module_preset=&#8220;default&#8220; background_color=&#8220;#596893&#8243; max_width=&#8220;750px&#8220; custom_padding=&#8220;30px|100px|80px|100px|false|true&#8220; custom_padding_tablet=&#8220;|60px|60px|60px|false|true&#8220; custom_padding_phone=&#8220;10px|30px|30px|30px|false|true&#8220; locked=&#8220;off&#8220; global_colors_info=&#8220;{}&#8220;][et_pb_column type=&#8220;1_2&#8243; _builder_version=&#8220;4.16&#8243; _module_preset=&#8220;default&#8220; global_colors_info=&#8220;{}&#8220;][et_pb_text _builder_version=&#8220;4.19.4&#8243; _module_preset=&#8220;16a54059-cc81-4572-9c70-eda6a6c419bf&#8220; text_font=&#8220;|600|||||||&#8220; text_text_color=&#8220;rgba(255,255,255,0.7)&#8220; text_font_size=&#8220;16px&#8220; text_line_height=&#8220;2em&#8220; text_font_size_tablet=&#8220;15px&#8220; text_font_size_phone=&#8220;13px&#8220; text_font_size_last_edited=&#8220;on|phone&#8220; text_line_height_tablet=&#8220;&#8220; text_line_height_phone=&#8220;1.7em&#8220; text_line_height_last_edited=&#8220;on|phone&#8220; header_font_size_tablet=&#8220;55px&#8220; header_font_size_last_edited=&#8220;off|desktop&#8220; locked=&#8220;off&#8220; global_colors_info=&#8220;{}&#8220;]<\/p>\n<p><span style=\"color: #ffffff;\"><a href=\"tel:+3904611722563\" style=\"color: #ffffff;\">(+39) 0461 1722563<\/a><\/span><\/p>\n<p>[\/et_pb_text][et_pb_text _builder_version=&#8220;4.19.5&#8243; _module_preset=&#8220;16a54059-cc81-4572-9c70-eda6a6c419bf&#8220; text_font=&#8220;|600|||||||&#8220; text_text_color=&#8220;rgba(255,255,255,0.7)&#8220; text_font_size=&#8220;16px&#8220; text_line_height=&#8220;2em&#8220; link_text_color=&#8220;#FFFFFF&#8220; text_font_size_tablet=&#8220;15px&#8220; text_font_size_phone=&#8220;13px&#8220; text_font_size_last_edited=&#8220;on|phone&#8220; text_line_height_tablet=&#8220;&#8220; text_line_height_phone=&#8220;1.7em&#8220; text_line_height_last_edited=&#8220;on|phone&#8220; header_font_size_tablet=&#8220;55px&#8220; header_font_size_last_edited=&#8220;off|desktop&#8220; locked=&#8220;off&#8220; global_colors_info=&#8220;{%22gcid-98d90e25-2ae4-4d27-95a6-0d39ba22d29e%22:%91%93}&#8220;]<\/p>\n<p><a target=\"_blank\" rel=\"noopener noreferrer\" class=\"PrimaryLink BaseLink\" href=\"&#x6d;a&#x69;&#108;&#x74;&#111;:&#x69;&#110;&#x66;&#111;&#64;&#x73;&#97;&#x6d;&#111;n&#x63;i&#x6e;&#105;&#x2e;&#x63;o&#x6d;\">&#105;&#x6e;&#102;&#x6f;&#64;&#x73;a&#x6d;o&#x6e;c&#105;&#x6e;&#105;&#x2e;&#99;&#x6f;&#109;<\/a><\/p>\n<p>[\/et_pb_text][\/et_pb_column][et_pb_column type=&#8220;1_2&#8243; _builder_version=&#8220;4.16&#8243; _module_preset=&#8220;default&#8220; global_colors_info=&#8220;{}&#8220;][et_pb_text _builder_version=&#8220;4.19.5&#8243; _module_preset=&#8220;16a54059-cc81-4572-9c70-eda6a6c419bf&#8220; text_font=&#8220;|600|||||||&#8220; text_text_color=&#8220;rgba(255,255,255,0.7)&#8220; text_font_size=&#8220;16px&#8220; text_line_height=&#8220;2em&#8220; text_font_size_tablet=&#8220;15px&#8220; text_font_size_phone=&#8220;13px&#8220; text_font_size_last_edited=&#8220;on|phone&#8220; text_line_height_tablet=&#8220;&#8220; text_line_height_phone=&#8220;1.7em&#8220; text_line_height_last_edited=&#8220;on|phone&#8220; header_font_size_tablet=&#8220;55px&#8220; header_font_size_last_edited=&#8220;off|desktop&#8220; locked=&#8220;off&#8220; global_colors_info=&#8220;{}&#8220;]<\/p>\n<p><span style=\"color: #ffffff;\">Commercio Stra\u00dfe, 30 &#8211; 38121 Trient<\/span><\/p>\n<p>[\/et_pb_text][\/et_pb_column][\/et_pb_row][\/et_pb_section]<\/p>\n","protected":false},"excerpt":{"rendered":"<p>Durchf\u00fchrbarkeitsanalyse und Co-DesignDie Technologie des Kaltschmiedens erfordert ein hohes Ma\u00df an Fachwissen und Kenntnissen \u00fcber die Dynamik dieses Prozesses sowie \u00fcber die mechanischen Bearbeitungsprozesse auf Werkzeugmaschinen und die Herstellung der Komponenten, aus denen die Form besteht. Die Schl\u00fcsselkompetenz bei einer Machbarkeitsanalyse ist jedoch die Kenntnis der Materialgrenzen, d. h. die Sensibilit\u00e4t, in einem fr\u00fchen Stadium [&hellip;]<\/p>\n","protected":false},"author":5,"featured_media":1021,"parent":0,"menu_order":0,"comment_status":"closed","ping_status":"closed","template":"","meta":{"_et_pb_use_builder":"on","_et_pb_old_content":"","_et_gb_content_width":"","footnotes":""},"dipi_cpt_category":[],"class_list":["post-1054","page","type-page","status-publish","has-post-thumbnail","hentry"],"yoast_head":"<!-- This site is optimized with the Yoast SEO plugin v27.4 - https:\/\/yoast.com\/product\/yoast-seo-wordpress\/ -->\n<title>Analysen - Samoncini Progetti | Design von Blechformen<\/title>\n<meta name=\"description\" content=\"Bei unseren Analysen identifizieren wir die kritischen Punkte in den Elementzeichnungen und schlagen Modifikationen oder L\u00f6sungen vor.\" \/>\n<meta name=\"robots\" content=\"index, follow, max-snippet:-1, max-image-preview:large, max-video-preview:-1\" \/>\n<link rel=\"canonical\" href=\"https:\/\/www.samoncini.com\/de\/analyse-machbarkeit-und-co-design\/\" \/>\n<meta property=\"og:locale\" content=\"de_DE\" \/>\n<meta property=\"og:type\" content=\"article\" \/>\n<meta property=\"og:title\" content=\"Analysen - Samoncini Progetti | Design von Blechformen\" \/>\n<meta property=\"og:description\" content=\"Bei unseren Analysen identifizieren wir die kritischen Punkte in den Elementzeichnungen und schlagen Modifikationen oder L\u00f6sungen vor.\" \/>\n<meta property=\"og:url\" content=\"https:\/\/www.samoncini.com\/de\/analyse-machbarkeit-und-co-design\/\" \/>\n<meta property=\"og:site_name\" content=\"Samoncini - Design von Blechformen - Trento\" \/>\n<meta property=\"article:modified_time\" content=\"2023-06-08T14:52:07+00:00\" \/>\n<meta property=\"og:image\" content=\"https:\/\/www.samoncini.com\/wp-content\/uploads\/2023\/01\/stampaggio-lamiera-a-freddo-design-stampi.jpg\" \/>\n\t<meta property=\"og:image:width\" content=\"1280\" \/>\n\t<meta property=\"og:image:height\" content=\"637\" \/>\n\t<meta property=\"og:image:type\" content=\"image\/jpeg\" \/>\n<meta name=\"twitter:card\" content=\"summary_large_image\" \/>\n<meta name=\"twitter:label1\" content=\"Gesch\u00e4tzte Lesezeit\" \/>\n\t<meta name=\"twitter:data1\" content=\"3\u00a0Minuten\" \/>\n<script type=\"application\/ld+json\" class=\"yoast-schema-graph\">{\"@context\":\"https:\\\/\\\/schema.org\",\"@graph\":[{\"@type\":\"WebPage\",\"@id\":\"https:\\\/\\\/www.samoncini.com\\\/de\\\/analyse-machbarkeit-und-co-design\\\/\",\"url\":\"https:\\\/\\\/www.samoncini.com\\\/de\\\/analyse-machbarkeit-und-co-design\\\/\",\"name\":\"Analysen - Samoncini Progetti | Design von Blechformen\",\"isPartOf\":{\"@id\":\"https:\\\/\\\/www.samoncini.com\\\/#website\"},\"primaryImageOfPage\":{\"@id\":\"https:\\\/\\\/www.samoncini.com\\\/de\\\/analyse-machbarkeit-und-co-design\\\/#primaryimage\"},\"image\":{\"@id\":\"https:\\\/\\\/www.samoncini.com\\\/de\\\/analyse-machbarkeit-und-co-design\\\/#primaryimage\"},\"thumbnailUrl\":\"https:\\\/\\\/www.samoncini.com\\\/wp-content\\\/uploads\\\/2023\\\/01\\\/stampaggio-lamiera-a-freddo-design-stampi.jpg\",\"datePublished\":\"2023-01-09T13:39:45+00:00\",\"dateModified\":\"2023-06-08T14:52:07+00:00\",\"description\":\"Bei unseren Analysen identifizieren wir die kritischen Punkte in den Elementzeichnungen und schlagen Modifikationen oder L\u00f6sungen vor.\",\"breadcrumb\":{\"@id\":\"https:\\\/\\\/www.samoncini.com\\\/de\\\/analyse-machbarkeit-und-co-design\\\/#breadcrumb\"},\"inLanguage\":\"de\",\"potentialAction\":[{\"@type\":\"ReadAction\",\"target\":[\"https:\\\/\\\/www.samoncini.com\\\/de\\\/analyse-machbarkeit-und-co-design\\\/\"]}]},{\"@type\":\"ImageObject\",\"inLanguage\":\"de\",\"@id\":\"https:\\\/\\\/www.samoncini.com\\\/de\\\/analyse-machbarkeit-und-co-design\\\/#primaryimage\",\"url\":\"https:\\\/\\\/www.samoncini.com\\\/wp-content\\\/uploads\\\/2023\\\/01\\\/stampaggio-lamiera-a-freddo-design-stampi.jpg\",\"contentUrl\":\"https:\\\/\\\/www.samoncini.com\\\/wp-content\\\/uploads\\\/2023\\\/01\\\/stampaggio-lamiera-a-freddo-design-stampi.jpg\",\"width\":1280,\"height\":637},{\"@type\":\"BreadcrumbList\",\"@id\":\"https:\\\/\\\/www.samoncini.com\\\/de\\\/analyse-machbarkeit-und-co-design\\\/#breadcrumb\",\"itemListElement\":[{\"@type\":\"ListItem\",\"position\":1,\"name\":\"Home\",\"item\":\"https:\\\/\\\/www.samoncini.com\\\/de\\\/\"},{\"@type\":\"ListItem\",\"position\":2,\"name\":\"Analyse, Machbarkeit und Co-Design\"}]},{\"@type\":\"WebSite\",\"@id\":\"https:\\\/\\\/www.samoncini.com\\\/#website\",\"url\":\"https:\\\/\\\/www.samoncini.com\\\/\",\"name\":\"Samoncini - Design von Blechformen - Trento\",\"description\":\"Design von Blechformen\",\"alternateName\":\"Samoncini Progetti | Progettazione stampi lamiera\",\"potentialAction\":[{\"@type\":\"SearchAction\",\"target\":{\"@type\":\"EntryPoint\",\"urlTemplate\":\"https:\\\/\\\/www.samoncini.com\\\/?s={search_term_string}\"},\"query-input\":{\"@type\":\"PropertyValueSpecification\",\"valueRequired\":true,\"valueName\":\"search_term_string\"}}],\"inLanguage\":\"de\"}]}<\/script>\n<!-- \/ Yoast SEO plugin. -->","yoast_head_json":{"title":"Analysen - Samoncini Progetti | Design von Blechformen","description":"Bei unseren Analysen identifizieren wir die kritischen Punkte in den Elementzeichnungen und schlagen Modifikationen oder L\u00f6sungen vor.","robots":{"index":"index","follow":"follow","max-snippet":"max-snippet:-1","max-image-preview":"max-image-preview:large","max-video-preview":"max-video-preview:-1"},"canonical":"https:\/\/www.samoncini.com\/de\/analyse-machbarkeit-und-co-design\/","og_locale":"de_DE","og_type":"article","og_title":"Analysen - Samoncini Progetti | Design von Blechformen","og_description":"Bei unseren Analysen identifizieren wir die kritischen Punkte in den Elementzeichnungen und schlagen Modifikationen oder L\u00f6sungen vor.","og_url":"https:\/\/www.samoncini.com\/de\/analyse-machbarkeit-und-co-design\/","og_site_name":"Samoncini - Design von Blechformen - Trento","article_modified_time":"2023-06-08T14:52:07+00:00","og_image":[{"width":1280,"height":637,"url":"https:\/\/www.samoncini.com\/wp-content\/uploads\/2023\/01\/stampaggio-lamiera-a-freddo-design-stampi.jpg","type":"image\/jpeg"}],"twitter_card":"summary_large_image","twitter_misc":{"Gesch\u00e4tzte Lesezeit":"3\u00a0Minuten"},"schema":{"@context":"https:\/\/schema.org","@graph":[{"@type":"WebPage","@id":"https:\/\/www.samoncini.com\/de\/analyse-machbarkeit-und-co-design\/","url":"https:\/\/www.samoncini.com\/de\/analyse-machbarkeit-und-co-design\/","name":"Analysen - Samoncini Progetti | Design von Blechformen","isPartOf":{"@id":"https:\/\/www.samoncini.com\/#website"},"primaryImageOfPage":{"@id":"https:\/\/www.samoncini.com\/de\/analyse-machbarkeit-und-co-design\/#primaryimage"},"image":{"@id":"https:\/\/www.samoncini.com\/de\/analyse-machbarkeit-und-co-design\/#primaryimage"},"thumbnailUrl":"https:\/\/www.samoncini.com\/wp-content\/uploads\/2023\/01\/stampaggio-lamiera-a-freddo-design-stampi.jpg","datePublished":"2023-01-09T13:39:45+00:00","dateModified":"2023-06-08T14:52:07+00:00","description":"Bei unseren Analysen identifizieren wir die kritischen Punkte in den Elementzeichnungen und schlagen Modifikationen oder L\u00f6sungen vor.","breadcrumb":{"@id":"https:\/\/www.samoncini.com\/de\/analyse-machbarkeit-und-co-design\/#breadcrumb"},"inLanguage":"de","potentialAction":[{"@type":"ReadAction","target":["https:\/\/www.samoncini.com\/de\/analyse-machbarkeit-und-co-design\/"]}]},{"@type":"ImageObject","inLanguage":"de","@id":"https:\/\/www.samoncini.com\/de\/analyse-machbarkeit-und-co-design\/#primaryimage","url":"https:\/\/www.samoncini.com\/wp-content\/uploads\/2023\/01\/stampaggio-lamiera-a-freddo-design-stampi.jpg","contentUrl":"https:\/\/www.samoncini.com\/wp-content\/uploads\/2023\/01\/stampaggio-lamiera-a-freddo-design-stampi.jpg","width":1280,"height":637},{"@type":"BreadcrumbList","@id":"https:\/\/www.samoncini.com\/de\/analyse-machbarkeit-und-co-design\/#breadcrumb","itemListElement":[{"@type":"ListItem","position":1,"name":"Home","item":"https:\/\/www.samoncini.com\/de\/"},{"@type":"ListItem","position":2,"name":"Analyse, Machbarkeit und Co-Design"}]},{"@type":"WebSite","@id":"https:\/\/www.samoncini.com\/#website","url":"https:\/\/www.samoncini.com\/","name":"Samoncini - Design von Blechformen - Trento","description":"Design von Blechformen","alternateName":"Samoncini Progetti | Progettazione stampi lamiera","potentialAction":[{"@type":"SearchAction","target":{"@type":"EntryPoint","urlTemplate":"https:\/\/www.samoncini.com\/?s={search_term_string}"},"query-input":{"@type":"PropertyValueSpecification","valueRequired":true,"valueName":"search_term_string"}}],"inLanguage":"de"}]}},"_links":{"self":[{"href":"https:\/\/www.samoncini.com\/de\/wp-json\/wp\/v2\/pages\/1054","targetHints":{"allow":["GET"]}}],"collection":[{"href":"https:\/\/www.samoncini.com\/de\/wp-json\/wp\/v2\/pages"}],"about":[{"href":"https:\/\/www.samoncini.com\/de\/wp-json\/wp\/v2\/types\/page"}],"author":[{"embeddable":true,"href":"https:\/\/www.samoncini.com\/de\/wp-json\/wp\/v2\/users\/5"}],"replies":[{"embeddable":true,"href":"https:\/\/www.samoncini.com\/de\/wp-json\/wp\/v2\/comments?post=1054"}],"version-history":[{"count":3,"href":"https:\/\/www.samoncini.com\/de\/wp-json\/wp\/v2\/pages\/1054\/revisions"}],"predecessor-version":[{"id":1225,"href":"https:\/\/www.samoncini.com\/de\/wp-json\/wp\/v2\/pages\/1054\/revisions\/1225"}],"wp:featuredmedia":[{"embeddable":true,"href":"https:\/\/www.samoncini.com\/de\/wp-json\/wp\/v2\/media\/1021"}],"wp:attachment":[{"href":"https:\/\/www.samoncini.com\/de\/wp-json\/wp\/v2\/media?parent=1054"}],"wp:term":[{"taxonomy":"dipi_cpt_category","embeddable":true,"href":"https:\/\/www.samoncini.com\/de\/wp-json\/wp\/v2\/dipi_cpt_category?post=1054"}],"curies":[{"name":"wp","href":"https:\/\/api.w.org\/{rel}","templated":true}]}}