{"id":1070,"date":"2023-01-10T10:52:46","date_gmt":"2023-01-10T09:52:46","guid":{"rendered":"https:\/\/www.samoncini.com\/lieferung-der-werkzeuge\/"},"modified":"2023-07-21T13:35:06","modified_gmt":"2023-07-21T11:35:06","slug":"lieferung-der-werkzeuge","status":"publish","type":"page","link":"https:\/\/www.samoncini.com\/de\/lieferung-der-werkzeuge\/","title":{"rendered":"Lieferung der Werkzeuge"},"content":{"rendered":"<p>[et_pb_section fb_built=&#8220;1&#8243; custom_padding_last_edited=&#8220;off|desktop&#8220; admin_label=&#8220;Header&#8220; module_id=&#8220;dipi-particles-1&#8243; _builder_version=&#8220;4.20.0&#8243; _module_preset=&#8220;default&#8220; background_color=&#8220;#596893&#8243; background_image=&#8220;https:\/\/samoncini.com\/wp-content\/uploads\/2023\/02\/Samoncini-stampi-deformazione-lamiera-a-freddo-3.jpg&#8220; background_blend=&#8220;lighten&#8220; background_pattern_repeat_origin=&#8220;bottom_center&#8220; background_pattern_vertical_offset=&#8220;0%&#8220; custom_margin=&#8220;||||false|false&#8220; custom_padding=&#8220;30vh||30vh||true|false&#8220; custom_padding_tablet=&#8220;150px||150px||true|false&#8220; custom_padding_phone=&#8220;60px||60px||true|false&#8220; bottom_divider_color=&#8220;#0C71C3&#8243; bottom_divider_height=&#8220;357px&#8220; animation_direction=&#8220;bottom&#8220; global_colors_info=&#8220;{}&#8220;][et_pb_row _builder_version=&#8220;4.19.1&#8243; _module_preset=&#8220;default&#8220; global_colors_info=&#8220;{}&#8220;][et_pb_column type=&#8220;4_4&#8243; _builder_version=&#8220;4.19.1&#8243; _module_preset=&#8220;default&#8220; global_colors_info=&#8220;{}&#8220;][et_pb_text _builder_version=&#8220;4.19.4&#8243; _module_preset=&#8220;d72c0383-6487-4f2c-ac5c-7d48a6376757&#8243; header_font=&#8220;||||||||&#8220; header_text_color=&#8220;#FFFFFF&#8220; header_font_size=&#8220;60px&#8220; header_line_height=&#8220;1.2em&#8220; text_orientation=&#8220;center&#8220; custom_margin=&#8220;||10px||false|false&#8220; header_font_size_tablet=&#8220;40px&#8220; header_font_size_phone=&#8220;40px&#8220; header_font_size_last_edited=&#8220;on|phone&#8220; global_colors_info=&#8220;{}&#8220;]<\/p>\n<h1>Lieferung der Werkzeuge<\/h1>\n<p>[\/et_pb_text][\/et_pb_column][\/et_pb_row][\/et_pb_section][et_pb_section fb_built=&#8220;1&#8243; _builder_version=&#8220;4.19.4&#8243; _module_preset=&#8220;default&#8220; custom_padding=&#8220;||30px|||&#8220; top_divider_height=&#8220;50px&#8220; top_divider_flip=&#8220;vertical&#8220; global_colors_info=&#8220;{}&#8220;][et_pb_row _builder_version=&#8220;4.19.4&#8243; _module_preset=&#8220;default&#8220; global_colors_info=&#8220;{}&#8220;][et_pb_column type=&#8220;4_4&#8243; _builder_version=&#8220;4.19.1&#8243; _module_preset=&#8220;default&#8220; global_colors_info=&#8220;{}&#8220;][et_pb_text _builder_version=&#8220;4.19.5&#8243; _module_preset=&#8220;1d866de3-b108-4c5f-bed3-2da9506a6915&#8243; header_font=&#8220;||||||||&#8220; header_4_font=&#8220;||||||||&#8220; header_4_text_color=&#8220;#000000&#8243; header_4_line_height=&#8220;1.8em&#8220; text_orientation=&#8220;center&#8220; custom_margin=&#8220;||0px||false|false&#8220; header_4_font_size_tablet=&#8220;16px&#8220; header_4_font_size_phone=&#8220;14px&#8220; header_4_font_size_last_edited=&#8220;on|tablet&#8220; locked=&#8220;off&#8220; global_colors_info=&#8220;{}&#8220;]<\/p>\n<h4 style=\"text-align: justify;\">Nach Abschluss aller Prozessstudien und Entwurfsphasen beauftragen uns einige Kunden aufgrund ihrer momentanen Unf\u00e4higkeit und ihres Vertrauens in uns auch mit dem Bau und der anschlie\u00dfenden Lieferung der kompletten Form.<\/h4>\n<h4 style=\"text-align: justify;\">Durch unser Netzwerk qualifizierter Werkzeugbaubetriebe sind wir in der Lage, gepr\u00fcfte und bew\u00e4hrte Werkzeuge schl\u00fcsselfertig zu liefern. Die anschlie\u00dfende Produktionsanlaufphase beim Kunden wird von uns direkt \u00fcberwacht, um eine gleichm\u00e4\u00dfige Bauteil- und Prozessqualit\u00e4t zu gew\u00e4hrleisten.<\/h4>\n<p>[\/et_pb_text][\/et_pb_column][\/et_pb_row][\/et_pb_section][et_pb_section fb_built=&#8220;1&#8243; admin_label=&#8220;Footer&#8220; _builder_version=&#8220;4.19.1&#8243; _module_preset=&#8220;default&#8220; background_color=&#8220;rgba(255,255,255,0.94)&#8220; background_image=&#8220;https:\/\/samoncini.com\/wp-content\/uploads\/2022\/11\/Logo-S.png&#8220; background_size=&#8220;initial&#8220; background_position=&#8220;center_left&#8220; background_horizontal_offset=&#8220;-70%&#8220; background_repeat=&#8220;repeat-x&#8220; background_blend=&#8220;screen&#8220; custom_padding=&#8220;3vw||3vw||true|false&#8220; saved_tabs=&#8220;all&#8220; locked=&#8220;off&#8220; global_colors_info=&#8220;{}&#8220;][et_pb_row custom_padding_last_edited=&#8220;on|phone&#8220; _builder_version=&#8220;4.19.4&#8243; _module_preset=&#8220;default&#8220; background_color=&#8220;#596893&#8243; background_enable_image=&#8220;off&#8220; max_width=&#8220;750px&#8220; max_width_last_edited=&#8220;off|desktop&#8220; custom_padding=&#8220;100px|100px|30px|100px|false|true&#8220; custom_padding_tablet=&#8220;60px|60px||60px|false|true&#8220; custom_padding_phone=&#8220;30px|30px|10px|30px|false|true&#8220; animation_direction=&#8220;bottom&#8220; locked=&#8220;off&#8220; global_colors_info=&#8220;{}&#8220;][et_pb_column type=&#8220;4_4&#8243; _builder_version=&#8220;4.16&#8243; _module_preset=&#8220;default&#8220; global_colors_info=&#8220;{}&#8220;][et_pb_text _builder_version=&#8220;4.19.5&#8243; _module_preset=&#8220;8e8d9bcd-685d-4329-882b-a86608a6c40b&#8220; header_text_color=&#8220;#FFFFFF&#8220; header_2_font=&#8220;|600|||||||&#8220; header_2_text_color=&#8220;#FFFFFF&#8220; header_2_font_size=&#8220;80px&#8220; header_2_line_height=&#8220;1.2em&#8220; custom_margin_tablet=&#8220;&#8220; custom_margin_phone=&#8220;||10px||false|false&#8220; custom_margin_last_edited=&#8220;on|phone&#8220; header_2_font_size_tablet=&#8220;40px&#8220; header_2_font_size_phone=&#8220;20px&#8220; header_2_font_size_last_edited=&#8220;on|phone&#8220; global_colors_info=&#8220;{}&#8220;]<\/p>\n<h2>Kontakte<\/h2>\n<p>[\/et_pb_text][et_pb_text _builder_version=&#8220;4.20.2&#8243; _module_preset=&#8220;16a54059-cc81-4572-9c70-eda6a6c419bf&#8220; text_font=&#8220;|600|||||||&#8220; text_text_color=&#8220;#FFFFFF&#8220; text_font_size=&#8220;16px&#8220; text_line_height=&#8220;2em&#8220; max_width=&#8220;80%&#8220; max_width_tablet=&#8220;&#8220; max_width_phone=&#8220;95%&#8220; max_width_last_edited=&#8220;on|phone&#8220; custom_margin=&#8220;||40px||false|false&#8220; text_font_size_tablet=&#8220;15px&#8220; text_font_size_phone=&#8220;13px&#8220; text_font_size_last_edited=&#8220;on|phone&#8220; text_line_height_tablet=&#8220;&#8220; text_line_height_phone=&#8220;1.7em&#8220; text_line_height_last_edited=&#8220;on|phone&#8220; header_font_size_tablet=&#8220;55px&#8220; header_font_size_last_edited=&#8220;off|desktop&#8220; locked=&#8220;off&#8220; global_colors_info=&#8220;{}&#8220;]<\/p>\n<p>Beratung und Konstruktion von Werkzeugen f\u00fcr die Kaltumformung von Blechen<\/p>\n<p>[\/et_pb_text][et_pb_button button_url=&#8220;@ET-DC@eyJkeW5hbWljIjp0cnVlLCJjb250ZW50IjoicG9zdF9saW5rX3VybF9wYWdlIiwic2V0dGluZ3MiOnsicG9zdF9pZCI6IjExMyJ9fQ==@&#8220; button_text=&#8220;kontaktiere uns&#8220; button_alignment=&#8220;right&#8220; _builder_version=&#8220;4.20.2&#8243; _dynamic_attributes=&#8220;button_url&#8220; _module_preset=&#8220;4ebb5d01-8f2a-40d2-99f6-c69d0bb85164&#8243; custom_button=&#8220;on&#8220; button_text_size=&#8220;14px&#8220; button_text_color=&#8220;#596893&#8243; button_bg_color=&#8220;#FFFFFF&#8220; button_border_width=&#8220;0px&#8220; button_border_radius=&#8220;0px&#8220; button_letter_spacing=&#8220;3px&#8220; button_font=&#8220;|700||on|||||&#8220; button_icon=&#8220;&#x45;||divi||400&#8243; custom_margin=&#8220;40px|-100px|||false|false&#8220; custom_margin_tablet=&#8220;|-60px|||false|false&#8220; custom_margin_phone=&#8220;|-30px|||false|false&#8220; custom_margin_last_edited=&#8220;on|phone&#8220; custom_padding=&#8220;18px|30px|18px|30px|true|true&#8220; custom_padding_tablet=&#8220;16px|25px|16px|25px|true|true&#8220; custom_padding_phone=&#8220;14px|20px|14px|20px|true|true&#8220; custom_padding_last_edited=&#8220;on|phone&#8220; animation_style=&#8220;slide&#8220; animation_direction=&#8220;right&#8220; animation_duration=&#8220;600ms&#8220; animation_intensity_slide=&#8220;10%&#8220; button_text_size_tablet=&#8220;&#8220; button_text_size_phone=&#8220;12px&#8220; button_text_size_last_edited=&#8220;on|phone&#8220; locked=&#8220;off&#8220; global_colors_info=&#8220;{%22gcid-98d90e25-2ae4-4d27-95a6-0d39ba22d29e%22:%91%93}&#8220; button_bg_color__hover=&#8220;#000000&#8243; button_bg_color__hover_enabled=&#8220;on|hover&#8220; button_bg_enable_color__hover=&#8220;on&#8220; button_text_color__hover_enabled=&#8220;on|desktop&#8220; button_text_color__hover=&#8220;#FFFFFF&#8220;][\/et_pb_button][\/et_pb_column][\/et_pb_row][et_pb_row column_structure=&#8220;1_2,1_2&#8243; custom_padding_last_edited=&#8220;on|phone&#8220; _builder_version=&#8220;4.19.4&#8243; _module_preset=&#8220;default&#8220; background_color=&#8220;#596893&#8243; max_width=&#8220;750px&#8220; custom_padding=&#8220;30px|100px|80px|100px|false|true&#8220; custom_padding_tablet=&#8220;|60px|60px|60px|false|true&#8220; custom_padding_phone=&#8220;10px|30px|30px|30px|false|true&#8220; locked=&#8220;off&#8220; global_colors_info=&#8220;{}&#8220;][et_pb_column type=&#8220;1_2&#8243; _builder_version=&#8220;4.16&#8243; _module_preset=&#8220;default&#8220; global_colors_info=&#8220;{}&#8220;][et_pb_text _builder_version=&#8220;4.19.4&#8243; _module_preset=&#8220;16a54059-cc81-4572-9c70-eda6a6c419bf&#8220; text_font=&#8220;|600|||||||&#8220; text_text_color=&#8220;rgba(255,255,255,0.7)&#8220; text_font_size=&#8220;16px&#8220; text_line_height=&#8220;2em&#8220; text_font_size_tablet=&#8220;15px&#8220; text_font_size_phone=&#8220;13px&#8220; text_font_size_last_edited=&#8220;on|phone&#8220; text_line_height_tablet=&#8220;&#8220; text_line_height_phone=&#8220;1.7em&#8220; text_line_height_last_edited=&#8220;on|phone&#8220; header_font_size_tablet=&#8220;55px&#8220; header_font_size_last_edited=&#8220;off|desktop&#8220; locked=&#8220;off&#8220; global_colors_info=&#8220;{}&#8220;]<\/p>\n<p><span style=\"color: #ffffff;\"><a href=\"tel:+3904611722563\" style=\"color: #ffffff;\">(+39) 0461 1722563<\/a><\/span><\/p>\n<p>[\/et_pb_text][et_pb_text _builder_version=&#8220;4.19.5&#8243; _module_preset=&#8220;16a54059-cc81-4572-9c70-eda6a6c419bf&#8220; text_font=&#8220;|600|||||||&#8220; text_text_color=&#8220;rgba(255,255,255,0.7)&#8220; text_font_size=&#8220;16px&#8220; text_line_height=&#8220;2em&#8220; link_text_color=&#8220;#FFFFFF&#8220; text_font_size_tablet=&#8220;15px&#8220; text_font_size_phone=&#8220;13px&#8220; text_font_size_last_edited=&#8220;on|phone&#8220; text_line_height_tablet=&#8220;&#8220; text_line_height_phone=&#8220;1.7em&#8220; text_line_height_last_edited=&#8220;on|phone&#8220; header_font_size_tablet=&#8220;55px&#8220; header_font_size_last_edited=&#8220;off|desktop&#8220; locked=&#8220;off&#8220; global_colors_info=&#8220;{%22gcid-98d90e25-2ae4-4d27-95a6-0d39ba22d29e%22:%91%93}&#8220;]<\/p>\n<p><a target=\"_blank\" rel=\"noopener noreferrer\" class=\"PrimaryLink BaseLink\" href=\"&#x6d;&#x61;&#105;l&#x74;&#x6f;&#58;in&#x66;&#x6f;&#64;s&#x61;&#x6d;&#111;&#110;c&#x69;&#x6e;&#105;&#46;&#x63;&#x6f;&#109;\">&#105;&#x6e;&#102;&#x6f;&#64;&#x73;&#97;&#x6d;&#111;&#x6e;&#99;&#x69;n&#x69;&#46;&#x63;o&#x6d;<\/a><\/p>\n<p>[\/et_pb_text][\/et_pb_column][et_pb_column type=&#8220;1_2&#8243; _builder_version=&#8220;4.16&#8243; _module_preset=&#8220;default&#8220; global_colors_info=&#8220;{}&#8220;][et_pb_text _builder_version=&#8220;4.19.5&#8243; _module_preset=&#8220;16a54059-cc81-4572-9c70-eda6a6c419bf&#8220; text_font=&#8220;|600|||||||&#8220; text_text_color=&#8220;rgba(255,255,255,0.7)&#8220; text_font_size=&#8220;16px&#8220; text_line_height=&#8220;2em&#8220; text_font_size_tablet=&#8220;15px&#8220; text_font_size_phone=&#8220;13px&#8220; text_font_size_last_edited=&#8220;on|phone&#8220; text_line_height_tablet=&#8220;&#8220; text_line_height_phone=&#8220;1.7em&#8220; text_line_height_last_edited=&#8220;on|phone&#8220; header_font_size_tablet=&#8220;55px&#8220; header_font_size_last_edited=&#8220;off|desktop&#8220; locked=&#8220;off&#8220; global_colors_info=&#8220;{}&#8220;]<\/p>\n<p><span style=\"color: #ffffff;\">Commercio Stra\u00dfe, 30 &#8211; 38121 Trient<\/span><\/p>\n<p>[\/et_pb_text][\/et_pb_column][\/et_pb_row][\/et_pb_section]<\/p>\n","protected":false},"excerpt":{"rendered":"<p>Lieferung der WerkzeugeNach Abschluss aller Prozessstudien und Entwurfsphasen beauftragen uns einige Kunden aufgrund ihrer momentanen Unf\u00e4higkeit und ihres Vertrauens in uns auch mit dem Bau und der anschlie\u00dfenden Lieferung der kompletten Form. Durch unser Netzwerk qualifizierter Werkzeugbaubetriebe sind wir in der Lage, gepr\u00fcfte und bew\u00e4hrte Werkzeuge schl\u00fcsselfertig zu liefern. Die anschlie\u00dfende Produktionsanlaufphase beim Kunden wird [&hellip;]<\/p>\n","protected":false},"author":5,"featured_media":1045,"parent":0,"menu_order":0,"comment_status":"closed","ping_status":"closed","template":"","meta":{"_et_pb_use_builder":"on","_et_pb_old_content":"","_et_gb_content_width":"","footnotes":""},"dipi_cpt_category":[],"class_list":["post-1070","page","type-page","status-publish","has-post-thumbnail","hentry"],"yoast_head":"<!-- This site is optimized with the Yoast SEO plugin v27.4 - https:\/\/yoast.com\/product\/yoast-seo-wordpress\/ -->\n<title>Lieferung von Blechformen | Samoncini Trient<\/title>\n<meta name=\"description\" content=\"Bau und Lieferung der Form f\u00fcr die Kaltverformung von Blechen. Samoncini Progetti - Design von Blechformen in Trient.\" \/>\n<meta name=\"robots\" content=\"index, follow, max-snippet:-1, max-image-preview:large, max-video-preview:-1\" \/>\n<link rel=\"canonical\" href=\"https:\/\/www.samoncini.com\/de\/lieferung-der-werkzeuge\/\" \/>\n<meta property=\"og:locale\" content=\"de_DE\" \/>\n<meta property=\"og:type\" content=\"article\" \/>\n<meta property=\"og:title\" content=\"Lieferung von Blechformen | Samoncini Trient\" \/>\n<meta property=\"og:description\" content=\"Bau und Lieferung der Form f\u00fcr die Kaltverformung von Blechen. Samoncini Progetti - Design von Blechformen in Trient.\" \/>\n<meta property=\"og:url\" content=\"https:\/\/www.samoncini.com\/de\/lieferung-der-werkzeuge\/\" \/>\n<meta property=\"og:site_name\" content=\"Samoncini - Design von Blechformen - Trento\" \/>\n<meta property=\"article:modified_time\" content=\"2023-07-21T11:35:06+00:00\" \/>\n<meta property=\"og:image\" content=\"https:\/\/www.samoncini.com\/wp-content\/uploads\/2023\/02\/Samoncini-stampi-deformazione-lamiera-a-freddo-3.jpg\" \/>\n\t<meta property=\"og:image:width\" content=\"1920\" \/>\n\t<meta property=\"og:image:height\" content=\"980\" \/>\n\t<meta property=\"og:image:type\" content=\"image\/jpeg\" \/>\n<meta name=\"twitter:card\" content=\"summary_large_image\" \/>\n<meta name=\"twitter:label1\" content=\"Gesch\u00e4tzte Lesezeit\" \/>\n\t<meta name=\"twitter:data1\" content=\"2\u00a0Minuten\" \/>\n<script type=\"application\/ld+json\" class=\"yoast-schema-graph\">{\"@context\":\"https:\\\/\\\/schema.org\",\"@graph\":[{\"@type\":\"WebPage\",\"@id\":\"https:\\\/\\\/www.samoncini.com\\\/de\\\/lieferung-der-werkzeuge\\\/\",\"url\":\"https:\\\/\\\/www.samoncini.com\\\/de\\\/lieferung-der-werkzeuge\\\/\",\"name\":\"Lieferung von Blechformen | Samoncini Trient\",\"isPartOf\":{\"@id\":\"https:\\\/\\\/www.samoncini.com\\\/#website\"},\"primaryImageOfPage\":{\"@id\":\"https:\\\/\\\/www.samoncini.com\\\/de\\\/lieferung-der-werkzeuge\\\/#primaryimage\"},\"image\":{\"@id\":\"https:\\\/\\\/www.samoncini.com\\\/de\\\/lieferung-der-werkzeuge\\\/#primaryimage\"},\"thumbnailUrl\":\"https:\\\/\\\/www.samoncini.com\\\/wp-content\\\/uploads\\\/2023\\\/02\\\/Samoncini-stampi-deformazione-lamiera-a-freddo-3.jpg\",\"datePublished\":\"2023-01-10T09:52:46+00:00\",\"dateModified\":\"2023-07-21T11:35:06+00:00\",\"description\":\"Bau und Lieferung der Form f\u00fcr die Kaltverformung von Blechen. Samoncini Progetti - Design von Blechformen in Trient.\",\"breadcrumb\":{\"@id\":\"https:\\\/\\\/www.samoncini.com\\\/de\\\/lieferung-der-werkzeuge\\\/#breadcrumb\"},\"inLanguage\":\"de\",\"potentialAction\":[{\"@type\":\"ReadAction\",\"target\":[\"https:\\\/\\\/www.samoncini.com\\\/de\\\/lieferung-der-werkzeuge\\\/\"]}]},{\"@type\":\"ImageObject\",\"inLanguage\":\"de\",\"@id\":\"https:\\\/\\\/www.samoncini.com\\\/de\\\/lieferung-der-werkzeuge\\\/#primaryimage\",\"url\":\"https:\\\/\\\/www.samoncini.com\\\/wp-content\\\/uploads\\\/2023\\\/02\\\/Samoncini-stampi-deformazione-lamiera-a-freddo-3.jpg\",\"contentUrl\":\"https:\\\/\\\/www.samoncini.com\\\/wp-content\\\/uploads\\\/2023\\\/02\\\/Samoncini-stampi-deformazione-lamiera-a-freddo-3.jpg\",\"width\":1920,\"height\":980},{\"@type\":\"BreadcrumbList\",\"@id\":\"https:\\\/\\\/www.samoncini.com\\\/de\\\/lieferung-der-werkzeuge\\\/#breadcrumb\",\"itemListElement\":[{\"@type\":\"ListItem\",\"position\":1,\"name\":\"Home\",\"item\":\"https:\\\/\\\/www.samoncini.com\\\/de\\\/\"},{\"@type\":\"ListItem\",\"position\":2,\"name\":\"Lieferung der Werkzeuge\"}]},{\"@type\":\"WebSite\",\"@id\":\"https:\\\/\\\/www.samoncini.com\\\/#website\",\"url\":\"https:\\\/\\\/www.samoncini.com\\\/\",\"name\":\"Samoncini - Design von Blechformen - Trento\",\"description\":\"Design von Blechformen\",\"alternateName\":\"Samoncini Progetti | Progettazione stampi lamiera\",\"potentialAction\":[{\"@type\":\"SearchAction\",\"target\":{\"@type\":\"EntryPoint\",\"urlTemplate\":\"https:\\\/\\\/www.samoncini.com\\\/?s={search_term_string}\"},\"query-input\":{\"@type\":\"PropertyValueSpecification\",\"valueRequired\":true,\"valueName\":\"search_term_string\"}}],\"inLanguage\":\"de\"}]}<\/script>\n<!-- \/ Yoast SEO plugin. -->","yoast_head_json":{"title":"Lieferung von Blechformen | Samoncini Trient","description":"Bau und Lieferung der Form f\u00fcr die Kaltverformung von Blechen. Samoncini Progetti - Design von Blechformen in Trient.","robots":{"index":"index","follow":"follow","max-snippet":"max-snippet:-1","max-image-preview":"max-image-preview:large","max-video-preview":"max-video-preview:-1"},"canonical":"https:\/\/www.samoncini.com\/de\/lieferung-der-werkzeuge\/","og_locale":"de_DE","og_type":"article","og_title":"Lieferung von Blechformen | Samoncini Trient","og_description":"Bau und Lieferung der Form f\u00fcr die Kaltverformung von Blechen. Samoncini Progetti - Design von Blechformen in Trient.","og_url":"https:\/\/www.samoncini.com\/de\/lieferung-der-werkzeuge\/","og_site_name":"Samoncini - Design von Blechformen - Trento","article_modified_time":"2023-07-21T11:35:06+00:00","og_image":[{"width":1920,"height":980,"url":"https:\/\/www.samoncini.com\/wp-content\/uploads\/2023\/02\/Samoncini-stampi-deformazione-lamiera-a-freddo-3.jpg","type":"image\/jpeg"}],"twitter_card":"summary_large_image","twitter_misc":{"Gesch\u00e4tzte Lesezeit":"2\u00a0Minuten"},"schema":{"@context":"https:\/\/schema.org","@graph":[{"@type":"WebPage","@id":"https:\/\/www.samoncini.com\/de\/lieferung-der-werkzeuge\/","url":"https:\/\/www.samoncini.com\/de\/lieferung-der-werkzeuge\/","name":"Lieferung von Blechformen | Samoncini Trient","isPartOf":{"@id":"https:\/\/www.samoncini.com\/#website"},"primaryImageOfPage":{"@id":"https:\/\/www.samoncini.com\/de\/lieferung-der-werkzeuge\/#primaryimage"},"image":{"@id":"https:\/\/www.samoncini.com\/de\/lieferung-der-werkzeuge\/#primaryimage"},"thumbnailUrl":"https:\/\/www.samoncini.com\/wp-content\/uploads\/2023\/02\/Samoncini-stampi-deformazione-lamiera-a-freddo-3.jpg","datePublished":"2023-01-10T09:52:46+00:00","dateModified":"2023-07-21T11:35:06+00:00","description":"Bau und Lieferung der Form f\u00fcr die Kaltverformung von Blechen. Samoncini Progetti - Design von Blechformen in Trient.","breadcrumb":{"@id":"https:\/\/www.samoncini.com\/de\/lieferung-der-werkzeuge\/#breadcrumb"},"inLanguage":"de","potentialAction":[{"@type":"ReadAction","target":["https:\/\/www.samoncini.com\/de\/lieferung-der-werkzeuge\/"]}]},{"@type":"ImageObject","inLanguage":"de","@id":"https:\/\/www.samoncini.com\/de\/lieferung-der-werkzeuge\/#primaryimage","url":"https:\/\/www.samoncini.com\/wp-content\/uploads\/2023\/02\/Samoncini-stampi-deformazione-lamiera-a-freddo-3.jpg","contentUrl":"https:\/\/www.samoncini.com\/wp-content\/uploads\/2023\/02\/Samoncini-stampi-deformazione-lamiera-a-freddo-3.jpg","width":1920,"height":980},{"@type":"BreadcrumbList","@id":"https:\/\/www.samoncini.com\/de\/lieferung-der-werkzeuge\/#breadcrumb","itemListElement":[{"@type":"ListItem","position":1,"name":"Home","item":"https:\/\/www.samoncini.com\/de\/"},{"@type":"ListItem","position":2,"name":"Lieferung der Werkzeuge"}]},{"@type":"WebSite","@id":"https:\/\/www.samoncini.com\/#website","url":"https:\/\/www.samoncini.com\/","name":"Samoncini - Design von Blechformen - Trento","description":"Design von Blechformen","alternateName":"Samoncini Progetti | Progettazione stampi lamiera","potentialAction":[{"@type":"SearchAction","target":{"@type":"EntryPoint","urlTemplate":"https:\/\/www.samoncini.com\/?s={search_term_string}"},"query-input":{"@type":"PropertyValueSpecification","valueRequired":true,"valueName":"search_term_string"}}],"inLanguage":"de"}]}},"_links":{"self":[{"href":"https:\/\/www.samoncini.com\/de\/wp-json\/wp\/v2\/pages\/1070","targetHints":{"allow":["GET"]}}],"collection":[{"href":"https:\/\/www.samoncini.com\/de\/wp-json\/wp\/v2\/pages"}],"about":[{"href":"https:\/\/www.samoncini.com\/de\/wp-json\/wp\/v2\/types\/page"}],"author":[{"embeddable":true,"href":"https:\/\/www.samoncini.com\/de\/wp-json\/wp\/v2\/users\/5"}],"replies":[{"embeddable":true,"href":"https:\/\/www.samoncini.com\/de\/wp-json\/wp\/v2\/comments?post=1070"}],"version-history":[{"count":3,"href":"https:\/\/www.samoncini.com\/de\/wp-json\/wp\/v2\/pages\/1070\/revisions"}],"predecessor-version":[{"id":1305,"href":"https:\/\/www.samoncini.com\/de\/wp-json\/wp\/v2\/pages\/1070\/revisions\/1305"}],"wp:featuredmedia":[{"embeddable":true,"href":"https:\/\/www.samoncini.com\/de\/wp-json\/wp\/v2\/media\/1045"}],"wp:attachment":[{"href":"https:\/\/www.samoncini.com\/de\/wp-json\/wp\/v2\/media?parent=1070"}],"wp:term":[{"taxonomy":"dipi_cpt_category","embeddable":true,"href":"https:\/\/www.samoncini.com\/de\/wp-json\/wp\/v2\/dipi_cpt_category?post=1070"}],"curies":[{"name":"wp","href":"https:\/\/api.w.org\/{rel}","templated":true}]}}